{"id":688,"date":"2025-02-10T09:02:37","date_gmt":"2025-02-10T08:02:37","guid":{"rendered":"https:\/\/electrium.eu\/preprod\/?page_id=688"},"modified":"2025-02-21T16:37:39","modified_gmt":"2025-02-21T15:37:39","slug":"mentions-legales","status":"publish","type":"page","link":"https:\/\/electrium.eu\/fr\/mentions-legales\/","title":{"rendered":"Mentions l\u00e9gales"},"content":{"rendered":"<p>[et_pb_section fb_built=\u00a0\u00bb1&Prime; module_id=\u00a0\u00bbdct_header\u00a0\u00bb _builder_version=\u00a0\u00bb4.27.4&Prime; background_color=\u00a0\u00bbrgba(0,0,0,0.69)\u00a0\u00bb background_image=\u00a0\u00bbhttps:\/\/electrium.eu\/wp-content\/uploads\/2025\/01\/Electrium_illumination-europe.jpg\u00a0\u00bb background_blend=\u00a0\u00bboverlay\u00a0\u00bb global_colors_info=\u00a0\u00bb{}\u00a0\u00bb][et_pb_row column_structure=\u00a0\u00bb2_3,1_3&Prime; use_custom_gutter=\u00a0\u00bbon\u00a0\u00bb gutter_width=\u00a0\u00bb2&Prime; _builder_version=\u00a0\u00bb4.16&Prime; global_colors_info=\u00a0\u00bb{}\u00a0\u00bb][et_pb_column type=\u00a0\u00bb2_3&Prime; _builder_version=\u00a0\u00bb4.16&Prime; global_colors_info=\u00a0\u00bb{}\u00a0\u00bb][et_pb_text _builder_version=\u00a0\u00bb4.27.4&Prime; header_2_text_align=\u00a0\u00bbleft\u00a0\u00bb header_2_text_align_tablet=\u00a0\u00bbcenter\u00a0\u00bb header_2_text_align_phone=\u00a0\u00bb\u00a0\u00bb header_2_text_align_last_edited=\u00a0\u00bbon|tablet\u00a0\u00bb global_colors_info=\u00a0\u00bb{}\u00a0\u00bb]<\/p>\n<h2>Mentions l\u00e9gales<\/h2>\n<p>[\/et_pb_text][\/et_pb_column][et_pb_column type=\u00a0\u00bb1_3&Prime; _builder_version=\u00a0\u00bb4.16&Prime; global_colors_info=\u00a0\u00bb{}\u00a0\u00bb][et_pb_text _builder_version=\u00a0\u00bb4.27.4&Prime; text_orientation=\u00a0\u00bbright\u00a0\u00bb text_orientation_tablet=\u00a0\u00bbcenter\u00a0\u00bb text_orientation_phone=\u00a0\u00bb\u00a0\u00bb text_orientation_last_edited=\u00a0\u00bbon|phone\u00a0\u00bb global_colors_info=\u00a0\u00bb{}\u00a0\u00bb]<\/p>\n<ul>\n<li><a href=\"https:\/\/electrium.eu\/\">Accueil<\/a><\/li>\n<li>Mentions l\u00e9gales<\/li>\n<\/ul>\n<p>[\/et_pb_text][\/et_pb_column][\/et_pb_row][\/et_pb_section][et_pb_section fb_built=\u00a0\u00bb1&Prime; _builder_version=\u00a0\u00bb4.16&Prime; custom_padding=\u00a0\u00bb||21px|||\u00a0\u00bb global_colors_info=\u00a0\u00bb{}\u00a0\u00bb][et_pb_row _builder_version=\u00a0\u00bb4.27.4&Prime; _module_preset=\u00a0\u00bbdefault\u00a0\u00bb global_colors_info=\u00a0\u00bb{}\u00a0\u00bb][et_pb_column type=\u00a0\u00bb4_4&Prime; _builder_version=\u00a0\u00bb4.27.4&Prime; _module_preset=\u00a0\u00bbdefault\u00a0\u00bb global_colors_info=\u00a0\u00bb{}\u00a0\u00bb][et_pb_text _builder_version=\u00a0\u00bb4.27.4&Prime; _module_preset=\u00a0\u00bbdefault\u00a0\u00bb global_colors_info=\u00a0\u00bb{}\u00a0\u00bb]<\/p>\n<div class=\"elementor-element elementor-element-4c3f141 e-flex e-con-boxed wpr-particle-no wpr-jarallax-no wpr-parallax-no wpr-sticky-section-no e-con e-child\" data-id=\"4c3f141\" data-element_type=\"container\">\n<div class=\"e-con-inner\">\n<div class=\"elementor-element elementor-element-2eb894b elementor-widget elementor-widget-text-editor\" data-id=\"2eb894b\" data-element_type=\"widget\" data-widget_type=\"text-editor.default\">\n<div class=\"elementor-widget-container\">\n<p><span style=\"color: #000000;\">Le site Web<\/span> <strong><a href=\"https:\/\/electrium.eu\/fr\/\">https:\/\/electrium.eu\/<\/a><\/strong> <span style=\"color: #000000;\">est un site vitrine pour <strong>Electrium <\/strong>et ses activit\u00e9s.<\/span><\/p>\n<\/div>\n<\/div>\n<div class=\"elementor-element elementor-element-32d122a elementor-widget elementor-widget-tg-heading\" data-id=\"32d122a\" data-element_type=\"widget\" data-widget_type=\"tg-heading.default\">\n<div class=\"elementor-widget-container\">\n<div class=\"section-title-two tg-heading-subheading animation-style3\">\n<div style=\"display: block; text-align: left; position: relative;\" class=\"split-line\">\n<div style=\"position: relative; display: inline-block;\">\n<div style=\"position: relative; display: inline-block; opacity: 1; transform: translate(0px);\">\u00c9<\/div>\n<div style=\"position: relative; display: inline-block; opacity: 1; transform: translate(0px);\">d<\/div>\n<div style=\"position: relative; display: inline-block; opacity: 1; transform: translate(0px);\">i<\/div>\n<div style=\"position: relative; display: inline-block; opacity: 1; transform: translate(0px);\">t<\/div>\n<div style=\"position: relative; display: inline-block; opacity: 1; transform: translate(0px);\">e<\/div>\n<div style=\"position: relative; display: inline-block; opacity: 1; transform: translate(0px);\">u<\/div>\n<div style=\"position: relative; display: inline-block; opacity: 1; transform: translate(0px);\">r<\/div>\n<\/div>\n<\/div>\n<\/div>\n<\/div>\n<\/div>\n<div class=\"elementor-element elementor-element-5a6b1a8 elementor-widget elementor-widget-text-editor\" data-id=\"5a6b1a8\" data-element_type=\"widget\" data-widget_type=\"text-editor.default\">\n<div class=\"elementor-widget-container\">\n<ul>\n<li><strong><span style=\"color: #1b1b1b;\">Nom commercial : <\/span><\/strong><span style=\"color: #1b1b1b;\">Cibola Partners<\/span><\/li>\n<li><strong><span style=\"color: #1b1b1b;\">Forme juridique : <\/span><\/strong><span style=\"color: #1b1b1b;\">SAS, soci\u00e9t\u00e9 par actions simplifi\u00e9e<\/span><span style=\"color: #1b1b1b;\"> <\/span><\/li>\n<li><strong><span style=\"color: #1b1b1b;\">Capital social : <\/span><\/strong><span style=\"color: #1b1b1b;\">4 920,00 \u20ac<\/span><\/li>\n<li><strong><span style=\"color: #1b1b1b;\">Si\u00e8ge social : <\/span><\/strong><span style=\"color: #1b1b1b;\">5 rue de Rivoli \u2013 75004 Paris<\/span><\/li>\n<li><strong><span style=\"color: #1b1b1b;\">Bureaux : <\/span><\/strong><span style=\"color: #1b1b1b;\">5 bis rue des Haudriettes \u2013 75003 Paris<\/span><\/li>\n<li><strong><span style=\"color: #1b1b1b;\">Num\u00e9ro SIREN : <\/span><\/strong><span style=\"color: #1b1b1b;\">805184355<\/span><\/li>\n<li><strong><span style=\"color: #1b1b1b;\">Num\u00e9ro SIRET : <\/span><\/strong><span style=\"color: #1b1b1b;\"> 80518435500016<\/span><\/li>\n<li><strong><span style=\"color: #1b1b1b;\">Num\u00e9ro TVA Intracommunautaire : <\/span><\/strong><span style=\"color: #1b1b1b;\">FR04805184355<\/span><\/li>\n<li><strong><span style=\"color: #1b1b1b;\">Num\u00e9ro d\u2019inscription au registre du commerce et des soci\u00e9t\u00e9s (RCS) de Paris : <\/span><\/strong><span style=\"color: #1b1b1b;\">Paris 805184355<\/span><\/li>\n<li><strong><span style=\"color: #1b1b1b;\">Activit\u00e9 (Code NAF ou APE) : <\/span><\/strong><span style=\"color: #1b1b1b;\">7010Z \/ Activit\u00e9s des si\u00e8ges sociaux<\/span><\/li>\n<li><strong><span style=\"color: #1b1b1b;\">Statut RCS : <\/span><\/strong><span style=\"color: #1b1b1b;\">Inscrite<\/span><\/li>\n<li><strong><span style=\"color: #1b1b1b;\">Statut INSEE : <\/span><\/strong><span style=\"color: #1b1b1b;\">Inscrite<\/span><\/li>\n<li><strong><span style=\"color: #1b1b1b;\">Date d&rsquo;immatriculation au RCS : <\/span><\/strong>Immatricul\u00e9e au <span style=\"color: #1b1b1b;\">RCS<\/span> le <span style=\"color: #1b1b1b;\">16\/10\/2014<\/span><\/li>\n<li><strong><span style=\"color: #1b1b1b;\">Date d&rsquo;inscription \u00e0 l&rsquo;Insee : <\/span><\/strong><span style=\"color: #1b1b1b;\">Enregistr\u00e9e \u00e0 l\u2019INSEE le 15\/10\/2014<\/span><\/li>\n<\/ul>\n<\/div>\n<\/div>\n<div class=\"elementor-element elementor-element-e50b071 elementor-widget elementor-widget-tg-heading\" data-id=\"e50b071\" data-element_type=\"widget\" data-widget_type=\"tg-heading.default\">\n<div class=\"elementor-widget-container\">\n<div class=\"section-title-two tg-heading-subheading animation-style3\">\n<div style=\"display: block; text-align: left; position: relative;\" class=\"split-line\">\n<div style=\"position: relative; display: inline-block;\">\n<div style=\"position: relative; display: inline-block; opacity: 1; transform: translate(0px);\">D<\/div>\n<div style=\"position: relative; display: inline-block; opacity: 1; transform: translate(0px);\">r<\/div>\n<div style=\"position: relative; display: inline-block; opacity: 1; transform: translate(0px);\">o<\/div>\n<div style=\"position: relative; display: inline-block; opacity: 1; transform: translate(0px);\">i<\/div>\n<div style=\"position: relative; display: inline-block; opacity: 1; transform: translate(0px);\">t<\/div>\n<div style=\"position: relative; display: inline-block; opacity: 1; transform: translate(0px);\">s<\/div>\n<\/div>\n<div style=\"position: relative; display: inline-block;\">\n<div style=\"position: relative; display: inline-block; opacity: 1; transform: translate(0px);\">d<\/div>\n<div style=\"position: relative; display: inline-block; opacity: 1; transform: translate(0px);\">e<\/div>\n<\/div>\n<div style=\"position: relative; display: inline-block;\">\n<div style=\"position: relative; display: inline-block; opacity: 1; transform: translate(0px);\">p<\/div>\n<div style=\"position: relative; display: inline-block; opacity: 1; transform: translate(0px);\">r<\/div>\n<div style=\"position: relative; display: inline-block; opacity: 1; transform: translate(0px);\">o<\/div>\n<div style=\"position: relative; display: inline-block; opacity: 1; transform: translate(0px);\">p<\/div>\n<div style=\"position: relative; display: inline-block; opacity: 1; transform: translate(0px);\">r<\/div>\n<div style=\"position: relative; display: inline-block; opacity: 1; transform: translate(0px);\">i<\/div>\n<div style=\"position: relative; display: inline-block; opacity: 1; transform: translate(0px);\">\u00e9<\/div>\n<div style=\"position: relative; display: inline-block; opacity: 1; transform: translate(0px);\">t<\/div>\n<div style=\"position: relative; display: inline-block; opacity: 1; transform: translate(0px);\">\u00e9<\/div>\n<\/div>\n<div style=\"position: relative; display: inline-block;\">\n<div style=\"position: relative; display: inline-block; opacity: 1; transform: translate(0px);\">i<\/div>\n<div style=\"position: relative; display: inline-block; opacity: 1; transform: translate(0px);\">n<\/div>\n<div style=\"position: relative; display: inline-block; opacity: 1; transform: translate(0px);\">t<\/div>\n<div style=\"position: relative; display: inline-block; opacity: 1; transform: translate(0px);\">e<\/div>\n<div style=\"position: relative; display: inline-block; opacity: 1; transform: translate(0px);\">l<\/div>\n<div style=\"position: relative; display: inline-block; opacity: 1; transform: translate(0px);\">l<\/div>\n<div style=\"position: relative; display: inline-block; opacity: 1; transform: translate(0px);\">e<\/div>\n<div style=\"position: relative; display: inline-block; opacity: 1; transform: translate(0px);\">c<\/div>\n<div style=\"position: relative; display: inline-block; opacity: 1; transform: translate(0px);\">t<\/div>\n<div style=\"position: relative; display: inline-block; opacity: 1; transform: translate(0px);\">u<\/div>\n<div style=\"position: relative; display: inline-block; opacity: 1; transform: translate(0px);\">e<\/div>\n<div style=\"position: relative; display: inline-block; opacity: 1; transform: translate(0px);\">l<\/div>\n<div style=\"position: relative; display: inline-block; opacity: 1; transform: translate(0px);\">l<\/div>\n<div style=\"position: relative; display: inline-block; opacity: 1; transform: translate(0px);\">e<\/div>\n<\/div>\n<\/div>\n<\/div>\n<\/div>\n<\/div>\n<div class=\"elementor-element elementor-element-ef434ca elementor-widget elementor-widget-text-editor\" data-id=\"ef434ca\" data-element_type=\"widget\" data-widget_type=\"text-editor.default\">\n<div class=\"elementor-widget-container\">\n<p><span style=\"color: #000000;\">La structure g\u00e9n\u00e9rale de notre site et tout le contenu de ce site (images, des articles, photographies, logos, marques d\u00e9pos\u00e9es, vid\u00e9os, entretiens, des sons, des textes, etc.) sont prot\u00e9g\u00e9s par le droit fran\u00e7ais de la propri\u00e9t\u00e9 intellectuelle, en particulier le droit d&rsquo;auteur, droits voisins, droit des marques et droit \u00e0 l&rsquo;image, ainsi que par la l\u00e9gislation internationale. Tous les droits de reproduction sont r\u00e9serv\u00e9s, y compris pour les photos, des textes, documents t\u00e9l\u00e9chargeables et repr\u00e9sentations iconographiques. A cet \u00e9gard, sauf autorisation expresse de<\/span> <strong><a href=\"https:\/\/cibolapartners.com\/en\/\" target=\"_blank\" rel=\"noopener\">Cibola Partners<\/a><\/strong><span style=\"color: #000000;\">, il est strictement interdit de reproduire ou de repr\u00e9senter le contenu de notre site \u00e0 des fins autres que la consultation personnelle, ou de les modifier ou de les adapter en tout ou partie.<\/span><\/p>\n<p><span style=\"color: #000000;\">Conform\u00e9ment \u00e0 l&rsquo;article L.122-5 3\u00b0 du Code de la Propri\u00e9t\u00e9 Intellectuelle, les analyses et courtes citations de parties de notre site sont autoris\u00e9es \u00e0 condition qu&rsquo;elles soient justifi\u00e9es par l&rsquo;esprit critique, pol\u00e9mique, \u00e9ducatif, caract\u00e8re scientifique ou informatif de l&rsquo;ouvrage dans lequel ils sont incorpor\u00e9s, et \u00e0 condition que les indications suivantes soient bien visibles : \u00ab \u00c9lectrium \u2013 document extrait du site internet<\/span> <a href=\"https:\/\/electrium.eu\/fr\/\"><strong>Electrium <\/strong><\/a><span style=\"color: #1b1b1b;\"> &#8211; Tous droits r\u00e9serv\u00e9s \u00ab\u00a0.<\/span><\/p>\n<\/div>\n<\/div>\n<div class=\"elementor-element elementor-element-e95e8bc elementor-widget elementor-widget-tg-heading\" data-id=\"e95e8bc\" data-element_type=\"widget\" data-widget_type=\"tg-heading.default\">\n<div class=\"elementor-widget-container\">\n<div class=\"section-title-two tg-heading-subheading animation-style3\">\n<div style=\"display: block; text-align: left; position: relative;\" class=\"split-line\">\n<div style=\"position: relative; display: inline-block;\">\n<div style=\"position: relative; display: inline-block; opacity: 1; transform: translate(0px);\">H<\/div>\n<div style=\"position: relative; display: inline-block; opacity: 1; transform: translate(0px);\">\u00e9<\/div>\n<div style=\"position: relative; display: inline-block; opacity: 1; transform: translate(0px);\">b<\/div>\n<div style=\"position: relative; display: inline-block; opacity: 1; transform: translate(0px);\">e<\/div>\n<div style=\"position: relative; display: inline-block; opacity: 1; transform: translate(0px);\">r<\/div>\n<div style=\"position: relative; display: inline-block; opacity: 1; transform: translate(0px);\">g<\/div>\n<div style=\"position: relative; display: inline-block; opacity: 1; transform: translate(0px);\">e<\/div>\n<div style=\"position: relative; display: inline-block; opacity: 1; transform: translate(0px);\">m<\/div>\n<div style=\"position: relative; display: inline-block; opacity: 1; transform: translate(0px);\">e<\/div>\n<div style=\"position: relative; display: inline-block; opacity: 1; transform: translate(0px);\">n<\/div>\n<div style=\"position: relative; display: inline-block; opacity: 1; transform: translate(0px);\">t<\/div>\n<\/div>\n<\/div>\n<\/div>\n<\/div>\n<\/div>\n<div class=\"elementor-element elementor-element-268dca4 elementor-widget elementor-widget-text-editor\" data-id=\"268dca4\" data-element_type=\"widget\" data-widget_type=\"text-editor.default\">\n<div class=\"elementor-widget-container\">\n<p><span style=\"color: #000000;\">Le site Internet est h\u00e9berg\u00e9 par <strong>OVH SAS<\/strong> <strong>2 rue Kellermann \u2013 59100 Roubaix \u2013 France.<\/strong><\/span><\/p>\n<\/div>\n<\/div>\n<div class=\"elementor-element elementor-element-07650d9 elementor-widget elementor-widget-tg-heading\" data-id=\"07650d9\" data-element_type=\"widget\" data-widget_type=\"tg-heading.default\">\n<div class=\"elementor-widget-container\">\n<div class=\"section-title-two tg-heading-subheading animation-style3\">\n<div style=\"display: block; text-align: left; position: relative;\" class=\"split-line\">\n<div style=\"position: relative; display: inline-block;\">\n<div style=\"position: relative; display: inline-block; opacity: 1; transform: translate(0px);\">C<\/div>\n<div style=\"position: relative; display: inline-block; opacity: 1; transform: translate(0px);\">o<\/div>\n<div style=\"position: relative; display: inline-block; opacity: 1; transform: translate(0px);\">n<\/div>\n<div style=\"position: relative; display: inline-block; opacity: 1; transform: translate(0px);\">t<\/div>\n<div style=\"position: relative; display: inline-block; opacity: 1; transform: translate(0px);\">a<\/div>\n<div style=\"position: relative; display: inline-block; opacity: 1; transform: translate(0px);\">c<\/div>\n<div style=\"position: relative; display: inline-block; opacity: 1; transform: translate(0px);\">t<\/div>\n<\/div>\n<\/div>\n<\/div>\n<\/div>\n<\/div>\n<div class=\"elementor-element elementor-element-e375fc1 elementor-widget elementor-widget-text-editor\" data-id=\"e375fc1\" data-element_type=\"widget\" data-widget_type=\"text-editor.default\">\n<div class=\"elementor-widget-container\">\n<ul>\n<li><strong><span style=\"color: #000000;\">Par t\u00e9l\u00e9phone : <\/span><\/strong><span style=\"color: #000000;\">+33 (0) 9 73 69 70 04<\/span><\/li>\n<li><strong><span style=\"color: #000000;\">Par mail : <\/span><\/strong><span style=\"color: #000000;\">contact@cibolapartners.com<\/span><\/li>\n<\/ul>\n<\/div>\n<\/div>\n<div class=\"elementor-element elementor-element-9f90b37 elementor-widget elementor-widget-tg-heading\" data-id=\"9f90b37\" data-element_type=\"widget\" data-widget_type=\"tg-heading.default\">\n<div class=\"elementor-widget-container\">\n<div class=\"section-title-two tg-heading-subheading animation-style3\">\n<div style=\"display: block; text-align: left; position: relative;\" class=\"split-line\">\n<div style=\"position: relative; display: inline-block;\">\n<div style=\"position: relative; display: inline-block; opacity: 1; transform: translate(0px);\">D<\/div>\n<div style=\"position: relative; display: inline-block; opacity: 1; transform: translate(0px);\">e<\/div>\n<div style=\"position: relative; display: inline-block; opacity: 1; transform: translate(0px);\">s<\/div>\n<div style=\"position: relative; display: inline-block; opacity: 1; transform: translate(0px);\">i<\/div>\n<div style=\"position: relative; display: inline-block; opacity: 1; transform: translate(0px);\">g<\/div>\n<div style=\"position: relative; display: inline-block; opacity: 1; transform: translate(0px);\">n<\/div>\n<\/div>\n<div style=\"position: relative; display: inline-block;\">\n<div style=\"position: relative; display: inline-block; opacity: 1; transform: translate(0px);\">e<\/div>\n<div style=\"position: relative; display: inline-block; opacity: 1; transform: translate(0px);\">t<\/div>\n<\/div>\n<div style=\"position: relative; display: inline-block;\">\n<div style=\"position: relative; display: inline-block; opacity: 1; transform: translate(0px);\">d<\/div>\n<div style=\"position: relative; display: inline-block; opacity: 1; transform: translate(0px);\">\u00e9<\/div>\n<div style=\"position: relative; display: inline-block; opacity: 1; transform: translate(0px);\">v<\/div>\n<div style=\"position: relative; display: inline-block; opacity: 1; transform: translate(0px);\">e<\/div>\n<div style=\"position: relative; display: inline-block; opacity: 1; transform: translate(0px);\">l<\/div>\n<div style=\"position: relative; display: inline-block; opacity: 1; transform: translate(0px);\">o<\/div>\n<div style=\"position: relative; display: inline-block; opacity: 1; transform: translate(0px);\">p<\/div>\n<div style=\"position: relative; display: inline-block; opacity: 1; transform: translate(0px);\">p<\/div>\n<div style=\"position: relative; display: inline-block; opacity: 1; transform: translate(0px);\">e<\/div>\n<div style=\"position: relative; display: inline-block; opacity: 1; transform: translate(0px);\">m<\/div>\n<div style=\"position: relative; display: inline-block; opacity: 1; transform: translate(0px);\">e<\/div>\n<div style=\"position: relative; display: inline-block; opacity: 1; transform: translate(0px);\">n<\/div>\n<div style=\"position: relative; display: inline-block; opacity: 1; transform: translate(0px);\">t<\/div>\n<\/div>\n<\/div>\n<\/div>\n<\/div>\n<\/div>\n<div class=\"elementor-element elementor-element-112b5d5 elementor-widget elementor-widget-text-editor\" data-id=\"112b5d5\" data-element_type=\"widget\" data-widget_type=\"text-editor.default\">\n<div class=\"elementor-widget-container\">\n<p><strong>gdrf-studio.com<\/strong><\/p>\n<\/div>\n<\/div>\n<\/div>\n<\/div>\n<p>[\/et_pb_text][\/et_pb_column][\/et_pb_row][\/et_pb_section]<\/p>\n","protected":false},"excerpt":{"rendered":"<p>Mentions l\u00e9gales Accueil Mentions l\u00e9gales Le site Web https:\/\/electrium.eu\/ est un site vitrine pour Electrium et ses activit\u00e9s. \u00c9 d i t e u r Nom commercial : Cibola Partners Forme juridique : SAS, soci\u00e9t\u00e9 par actions simplifi\u00e9e Capital social : 4 920,00 \u20ac Si\u00e8ge social : 5 rue de Rivoli \u2013 75004 Paris Bureaux : 5 bis rue des Haudriettes \u2013 75003 Paris Num\u00e9ro SIREN : 805184355 Num\u00e9ro SIRET : 80518435500016 Num\u00e9ro TVA Intracommunautaire : FR04805184355 Num\u00e9ro d\u2019inscription au registre du commerce et des soci\u00e9t\u00e9s (RCS) de Paris : Paris 805184355 Activit\u00e9 (Code NAF ou APE) : 7010Z \/ Activit\u00e9s des si\u00e8ges sociaux Statut RCS : Inscrite Statut INSEE : Inscrite Date d&rsquo;immatriculation au RCS : Immatricul\u00e9e au RCS le 16\/10\/2014 Date d&rsquo;inscription \u00e0 l&rsquo;Insee : Enregistr\u00e9e \u00e0 l\u2019INSEE le 15\/10\/2014 D r o i t s d e p r o p r i \u00e9 t \u00e9 i n t e l l e c t u e l l e La structure g\u00e9n\u00e9rale de notre site et tout le contenu de ce site (images, des articles, photographies, logos, marques d\u00e9pos\u00e9es, vid\u00e9os, entretiens, des sons, des textes, etc.) sont prot\u00e9g\u00e9s par le droit fran\u00e7ais de la propri\u00e9t\u00e9 intellectuelle, [&hellip;]<\/p>\n","protected":false},"author":1,"featured_media":0,"parent":0,"menu_order":0,"comment_status":"closed","ping_status":"closed","template":"","meta":{"_et_pb_use_builder":"on","_et_pb_old_content":"","_et_gb_content_width":"","footnotes":""},"class_list":["post-688","page","type-page","status-publish","hentry"],"_links":{"self":[{"href":"https:\/\/electrium.eu\/fr\/wp-json\/wp\/v2\/pages\/688","targetHints":{"allow":["GET"]}}],"collection":[{"href":"https:\/\/electrium.eu\/fr\/wp-json\/wp\/v2\/pages"}],"about":[{"href":"https:\/\/electrium.eu\/fr\/wp-json\/wp\/v2\/types\/page"}],"author":[{"embeddable":true,"href":"https:\/\/electrium.eu\/fr\/wp-json\/wp\/v2\/users\/1"}],"replies":[{"embeddable":true,"href":"https:\/\/electrium.eu\/fr\/wp-json\/wp\/v2\/comments?post=688"}],"version-history":[{"count":5,"href":"https:\/\/electrium.eu\/fr\/wp-json\/wp\/v2\/pages\/688\/revisions"}],"predecessor-version":[{"id":968,"href":"https:\/\/electrium.eu\/fr\/wp-json\/wp\/v2\/pages\/688\/revisions\/968"}],"wp:attachment":[{"href":"https:\/\/electrium.eu\/fr\/wp-json\/wp\/v2\/media?parent=688"}],"curies":[{"name":"wp","href":"https:\/\/api.w.org\/{rel}","templated":true}]}}